{"id":1067,"date":"2025-02-07T15:41:34","date_gmt":"2025-02-07T15:41:34","guid":{"rendered":"http:\/\/jf-vilar.pt\/?page_id=1067"},"modified":"2025-04-03T11:29:05","modified_gmt":"2025-04-03T10:29:05","slug":"obras-publicas","status":"publish","type":"page","link":"https:\/\/jf-vilar.pt\/index.php\/obras-publicas\/","title":{"rendered":"Obras P\u00fablicas"},"content":{"rendered":"\t\t<div data-elementor-type=\"wp-page\" data-elementor-id=\"1067\" class=\"elementor elementor-1067\">\n\t\t\t\t<div class=\"elementor-element elementor-element-534f2c4 e-flex e-con-boxed e-con e-parent\" data-id=\"534f2c4\" data-element_type=\"container\" data-settings=\"{&quot;background_background&quot;:&quot;gradient&quot;}\">\n\t\t\t\t\t<div class=\"e-con-inner\">\n\t\t\t\t<div class=\"elementor-element elementor-element-a529738 elementor-widget elementor-widget-image\" data-id=\"a529738\" data-element_type=\"widget\" data-widget_type=\"image.default\">\n\t\t\t\t<div class=\"elementor-widget-container\">\n\t\t\t\t\t\t\t\t\t\t\t\t\t\t\t<img fetchpriority=\"high\" decoding=\"async\" width=\"497\" height=\"152\" src=\"https:\/\/jf-vilar.pt\/wp-content\/uploads\/2025\/04\/separador_Esquerda.png\" class=\"attachment-large size-large wp-image-1893\" alt=\"\" srcset=\"https:\/\/jf-vilar.pt\/wp-content\/uploads\/2025\/04\/separador_Esquerda.png 497w, https:\/\/jf-vilar.pt\/wp-content\/uploads\/2025\/04\/separador_Esquerda-300x92.png 300w, https:\/\/jf-vilar.pt\/wp-content\/uploads\/2025\/04\/separador_Esquerda-150x46.png 150w\" sizes=\"(max-width: 497px) 100vw, 497px\" \/>\t\t\t\t\t\t\t\t\t\t\t\t\t\t\t<\/div>\n\t\t\t\t<\/div>\n\t\t\t\t\t<\/div>\n\t\t\t\t<\/div>\n\t\t<div class=\"elementor-element elementor-element-4965058f e-flex e-con-boxed e-con e-parent\" data-id=\"4965058f\" data-element_type=\"container\" data-settings=\"{&quot;background_background&quot;:&quot;classic&quot;}\">\n\t\t\t\t\t<div class=\"e-con-inner\">\n\t\t\t\t<div class=\"elementor-element elementor-element-37985aa elementor-widget elementor-widget-spacer\" data-id=\"37985aa\" data-element_type=\"widget\" data-widget_type=\"spacer.default\">\n\t\t\t\t<div class=\"elementor-widget-container\">\n\t\t\t\t\t\t\t<div class=\"elementor-spacer\">\n\t\t\t<div class=\"elementor-spacer-inner\"><\/div>\n\t\t<\/div>\n\t\t\t\t\t\t<\/div>\n\t\t\t\t<\/div>\n\t\t\t\t<div class=\"elementor-element elementor-element-7dfdd7aa elementor-widget elementor-widget-text-editor\" data-id=\"7dfdd7aa\" data-element_type=\"widget\" data-widget_type=\"text-editor.default\">\n\t\t\t\t<div class=\"elementor-widget-container\">\n\t\t\t\t\t\t\t\t\t\n<p>A Junta de Freguesia de Vilar manteve a atividade regular, no que respeita aos trabalhos de exterior, tais como limpeza e manuten\u00e7\u00e3o de ruas, gradeamentos, pont\u00f5es, muros de pontes, aquedutos, manilhas e valetas, manuten\u00e7\u00e3o dos espa\u00e7os ajardinados, aplica\u00e7\u00e3o de \u201ctout-venant\u201d, conforme necessidade, em vias rurais, cobertura de buracos em caminhos, a manuten\u00e7\u00e3o dos cemit\u00e9rios da freguesia e coloca\u00e7\u00e3o de cal\u00e7ada nas obras exteriores da igreja paroquial. Foram tamb\u00e9m substitu\u00eddas algumas placas de ruas e espelhos parab\u00f3licos com pala. Foi levada a cabo a limpeza do rio do Vilar, na zona entre a ponte da Rua do Emigrante e a ponte da Avenida da Restaura\u00e7\u00e3o, pelos sapadores da APAS Floresta em coordena\u00e7\u00e3o com a Junta de Freguesia.<br \/><br \/><\/p>\n\n<figure class=\"wp-block-image size-large\"><img decoding=\"async\" width=\"1024\" height=\"650\" class=\"wp-image-1836\" src=\"https:\/\/jf-vilar.pt\/wp-content\/uploads\/2025\/03\/imagem-1024x650.png\" alt=\"\" srcset=\"https:\/\/jf-vilar.pt\/wp-content\/uploads\/2025\/03\/imagem-1024x650.png 1024w, https:\/\/jf-vilar.pt\/wp-content\/uploads\/2025\/03\/imagem-300x190.png 300w, https:\/\/jf-vilar.pt\/wp-content\/uploads\/2025\/03\/imagem-150x95.png 150w, https:\/\/jf-vilar.pt\/wp-content\/uploads\/2025\/03\/imagem-768x488.png 768w, https:\/\/jf-vilar.pt\/wp-content\/uploads\/2025\/03\/imagem.png 1164w\" sizes=\"(max-width: 1024px) 100vw, 1024px\" \/><\/figure>\n\n<figure class=\"wp-block-image size-large\"><img decoding=\"async\" width=\"1024\" height=\"423\" class=\"wp-image-1839\" src=\"https:\/\/jf-vilar.pt\/wp-content\/uploads\/2025\/03\/imagem-2-1024x423.png\" alt=\"\" srcset=\"https:\/\/jf-vilar.pt\/wp-content\/uploads\/2025\/03\/imagem-2-1024x423.png 1024w, https:\/\/jf-vilar.pt\/wp-content\/uploads\/2025\/03\/imagem-2-300x124.png 300w, https:\/\/jf-vilar.pt\/wp-content\/uploads\/2025\/03\/imagem-2-150x62.png 150w, https:\/\/jf-vilar.pt\/wp-content\/uploads\/2025\/03\/imagem-2-768x317.png 768w, https:\/\/jf-vilar.pt\/wp-content\/uploads\/2025\/03\/imagem-2.png 1154w\" sizes=\"(max-width: 1024px) 100vw, 1024px\" \/><\/figure>\n\n<p>\u00a0<\/p>\n\n<figure class=\"wp-block-image size-large\"><img loading=\"lazy\" decoding=\"async\" width=\"1024\" height=\"314\" class=\"wp-image-1840\" src=\"https:\/\/jf-vilar.pt\/wp-content\/uploads\/2025\/03\/imagem-3-1024x314.png\" alt=\"\" srcset=\"https:\/\/jf-vilar.pt\/wp-content\/uploads\/2025\/03\/imagem-3-1024x314.png 1024w, https:\/\/jf-vilar.pt\/wp-content\/uploads\/2025\/03\/imagem-3-300x92.png 300w, https:\/\/jf-vilar.pt\/wp-content\/uploads\/2025\/03\/imagem-3-150x46.png 150w, https:\/\/jf-vilar.pt\/wp-content\/uploads\/2025\/03\/imagem-3-768x236.png 768w, https:\/\/jf-vilar.pt\/wp-content\/uploads\/2025\/03\/imagem-3.png 1166w\" sizes=\"(max-width: 1024px) 100vw, 1024px\" \/><\/figure>\n\n<p>\u00a0<\/p>\n\n<figure class=\"wp-block-image size-large\"><img loading=\"lazy\" decoding=\"async\" width=\"1024\" height=\"449\" class=\"wp-image-1841\" src=\"https:\/\/jf-vilar.pt\/wp-content\/uploads\/2025\/03\/imagem-4-1024x449.png\" alt=\"\" srcset=\"https:\/\/jf-vilar.pt\/wp-content\/uploads\/2025\/03\/imagem-4-1024x449.png 1024w, https:\/\/jf-vilar.pt\/wp-content\/uploads\/2025\/03\/imagem-4-300x132.png 300w, https:\/\/jf-vilar.pt\/wp-content\/uploads\/2025\/03\/imagem-4-150x66.png 150w, https:\/\/jf-vilar.pt\/wp-content\/uploads\/2025\/03\/imagem-4-768x337.png 768w, https:\/\/jf-vilar.pt\/wp-content\/uploads\/2025\/03\/imagem-4.png 1163w\" sizes=\"(max-width: 1024px) 100vw, 1024px\" \/><\/figure>\n\n<p>\u00a0<\/p>\n\n<figure class=\"wp-block-image size-large\"><img loading=\"lazy\" decoding=\"async\" width=\"1024\" height=\"427\" class=\"wp-image-1842\" src=\"https:\/\/jf-vilar.pt\/wp-content\/uploads\/2025\/03\/imagem-5-1024x427.png\" alt=\"\" srcset=\"https:\/\/jf-vilar.pt\/wp-content\/uploads\/2025\/03\/imagem-5-1024x427.png 1024w, https:\/\/jf-vilar.pt\/wp-content\/uploads\/2025\/03\/imagem-5-300x125.png 300w, https:\/\/jf-vilar.pt\/wp-content\/uploads\/2025\/03\/imagem-5-150x63.png 150w, https:\/\/jf-vilar.pt\/wp-content\/uploads\/2025\/03\/imagem-5-768x320.png 768w, https:\/\/jf-vilar.pt\/wp-content\/uploads\/2025\/03\/imagem-5.png 1163w\" sizes=\"(max-width: 1024px) 100vw, 1024px\" \/><\/figure>\n\n<p>\u00a0<\/p>\n\t\t\t\t\t\t\t\t<\/div>\n\t\t\t\t<\/div>\n\t\t\t\t\t<\/div>\n\t\t\t\t<\/div>\n\t\t<div class=\"elementor-element elementor-element-006cadb e-flex e-con-boxed e-con e-parent\" data-id=\"006cadb\" data-element_type=\"container\" data-settings=\"{&quot;background_background&quot;:&quot;classic&quot;}\">\n\t\t\t\t\t<div class=\"e-con-inner\">\n\t\t\t\t<div class=\"elementor-element elementor-element-3b54578 elementor-widget__width-initial elementor-widget elementor-widget-image\" data-id=\"3b54578\" data-element_type=\"widget\" data-widget_type=\"image.default\">\n\t\t\t\t<div class=\"elementor-widget-container\">\n\t\t\t\t\t\t\t\t\t\t\t\t\t\t\t<img loading=\"lazy\" decoding=\"async\" width=\"552\" height=\"147\" src=\"https:\/\/jf-vilar.pt\/wp-content\/uploads\/2025\/04\/separador_Direita.png\" class=\"attachment-large size-large wp-image-1941\" alt=\"\" srcset=\"https:\/\/jf-vilar.pt\/wp-content\/uploads\/2025\/04\/separador_Direita.png 552w, https:\/\/jf-vilar.pt\/wp-content\/uploads\/2025\/04\/separador_Direita-300x80.png 300w, https:\/\/jf-vilar.pt\/wp-content\/uploads\/2025\/04\/separador_Direita-150x40.png 150w\" sizes=\"(max-width: 552px) 100vw, 552px\" \/>\t\t\t\t\t\t\t\t\t\t\t\t\t\t\t<\/div>\n\t\t\t\t<\/div>\n\t\t\t\t\t<\/div>\n\t\t\t\t<\/div>\n\t\t\t\t<\/div>\n\t\t","protected":false},"excerpt":{"rendered":"<p>A Junta de Freguesia de Vilar manteve a atividade regular, no que respeita aos trabalhos de exterior, tais como limpeza e manuten\u00e7\u00e3o de ruas, gradeamentos, pont\u00f5es, muros de pontes, aquedutos, manilhas e valetas, manuten\u00e7\u00e3o dos espa\u00e7os ajardinados, aplica\u00e7\u00e3o de \u201ctout-venant\u201d, conforme necessidade, em vias rurais, cobertura de buracos em caminhos, a manuten\u00e7\u00e3o dos cemit\u00e9rios da [&hellip;]<\/p>\n","protected":false},"author":1,"featured_media":0,"parent":0,"menu_order":0,"comment_status":"closed","ping_status":"closed","template":"","meta":{"_monsterinsights_skip_tracking":false,"_monsterinsights_sitenote_active":false,"_monsterinsights_sitenote_note":"","_monsterinsights_sitenote_category":0,"footnotes":""},"class_list":["post-1067","page","type-page","status-publish","hentry"],"aioseo_notices":[],"_links":{"self":[{"href":"https:\/\/jf-vilar.pt\/index.php\/wp-json\/wp\/v2\/pages\/1067","targetHints":{"allow":["GET"]}}],"collection":[{"href":"https:\/\/jf-vilar.pt\/index.php\/wp-json\/wp\/v2\/pages"}],"about":[{"href":"https:\/\/jf-vilar.pt\/index.php\/wp-json\/wp\/v2\/types\/page"}],"author":[{"embeddable":true,"href":"https:\/\/jf-vilar.pt\/index.php\/wp-json\/wp\/v2\/users\/1"}],"replies":[{"embeddable":true,"href":"https:\/\/jf-vilar.pt\/index.php\/wp-json\/wp\/v2\/comments?post=1067"}],"version-history":[{"count":11,"href":"https:\/\/jf-vilar.pt\/index.php\/wp-json\/wp\/v2\/pages\/1067\/revisions"}],"predecessor-version":[{"id":2124,"href":"https:\/\/jf-vilar.pt\/index.php\/wp-json\/wp\/v2\/pages\/1067\/revisions\/2124"}],"wp:attachment":[{"href":"https:\/\/jf-vilar.pt\/index.php\/wp-json\/wp\/v2\/media?parent=1067"}],"curies":[{"name":"wp","href":"https:\/\/api.w.org\/{rel}","templated":true}]}}