{"id":1065,"date":"2025-02-07T15:41:34","date_gmt":"2025-02-07T15:41:34","guid":{"rendered":"http:\/\/jf-vilar.pt\/?page_id=1065"},"modified":"2025-04-03T11:25:36","modified_gmt":"2025-04-03T10:25:36","slug":"servicos","status":"publish","type":"page","link":"https:\/\/jf-vilar.pt\/index.php\/servicos\/","title":{"rendered":"Servi\u00e7os"},"content":{"rendered":"\t\t<div data-elementor-type=\"wp-page\" data-elementor-id=\"1065\" class=\"elementor elementor-1065\">\n\t\t\t\t<div class=\"elementor-element elementor-element-4c6ef24 e-flex e-con-boxed e-con e-parent\" data-id=\"4c6ef24\" data-element_type=\"container\" data-settings=\"{&quot;background_background&quot;:&quot;gradient&quot;}\">\n\t\t\t\t\t<div class=\"e-con-inner\">\n\t\t\t\t<div class=\"elementor-element elementor-element-2f04081 elementor-widget elementor-widget-image\" data-id=\"2f04081\" data-element_type=\"widget\" data-widget_type=\"image.default\">\n\t\t\t\t<div class=\"elementor-widget-container\">\n\t\t\t\t\t\t\t\t\t\t\t\t\t\t\t<img fetchpriority=\"high\" decoding=\"async\" width=\"497\" height=\"152\" src=\"https:\/\/jf-vilar.pt\/wp-content\/uploads\/2025\/04\/separador_Esquerda.png\" class=\"attachment-large size-large wp-image-1893\" alt=\"\" srcset=\"https:\/\/jf-vilar.pt\/wp-content\/uploads\/2025\/04\/separador_Esquerda.png 497w, https:\/\/jf-vilar.pt\/wp-content\/uploads\/2025\/04\/separador_Esquerda-300x92.png 300w, https:\/\/jf-vilar.pt\/wp-content\/uploads\/2025\/04\/separador_Esquerda-150x46.png 150w\" sizes=\"(max-width: 497px) 100vw, 497px\" \/>\t\t\t\t\t\t\t\t\t\t\t\t\t\t\t<\/div>\n\t\t\t\t<\/div>\n\t\t\t\t\t<\/div>\n\t\t\t\t<\/div>\n\t\t<div class=\"elementor-element elementor-element-335a0f69 e-flex e-con-boxed e-con e-parent\" data-id=\"335a0f69\" data-element_type=\"container\" data-settings=\"{&quot;background_background&quot;:&quot;classic&quot;}\">\n\t\t\t\t\t<div class=\"e-con-inner\">\n\t\t\t\t<div class=\"elementor-element elementor-element-577c857 elementor-widget elementor-widget-text-editor\" data-id=\"577c857\" data-element_type=\"widget\" data-widget_type=\"text-editor.default\">\n\t\t\t\t<div class=\"elementor-widget-container\">\n\t\t\t\t\t\t\t\t\t\n<!-- PRESSVILLE POSTS : begin -->\n<section class=\"lsvr-pressville-post-grid lsvr-pressville-post-grid--posts lsvr-pressville-post-grid--layout-title-top lsvr-pressville-post-grid--no-bg\"\n    >\n    <div class=\"lsvr-pressville-post-grid__inner\">\n        <div class=\"lsvr-container\">\n            <div class=\"lsvr-pressville-post-grid__content\">\n\n                \n                \n                    <div class=\"lsvr-pressville-post-grid__list-wrapper\">\n\n                        <div class=\"lsvr-grid lsvr-grid--2-cols lsvr-grid--md-2-cols lsvr-grid--sm-2-cols lsvr-pressville-post-grid__list lsvr-pressville-post-grid__list--4-items\"\n                            data-columns-count=\"2\">\n\n                            \n                                <div class=\"lsvr-grid__col lsvr-grid__col--span-6 lsvr-grid__col--md-span-6 lsvr-grid__col--sm-span-6 lsvr-pressville-post-grid__item\">\n\n                                    <article class=\"lsvr-pressville-post-grid__post post-1737 post type-post status-publish format-standard has-post-thumbnail hentry category-atendimento category-servicos tag-bau-de-estorias tag-emprestimo tag-literatura tag-livros\"                                         style=\"background-image: url( https:\/\/jf-vilar.pt\/wp-content\/uploads\/2025\/03\/livro1-1024x519.jpg );\">\n                                        <div class=\"lsvr-pressville-post-grid__post-inner\">\n                                            <div class=\"lsvr-pressville-post-grid__post-bg\">\n\n                                                <div class=\"lsvr-pressville-post-grid__post-content\">\n\n                                                    <h3 class=\"lsvr-pressville-post-grid__post-title\">\n                                                        <a href=\"https:\/\/jf-vilar.pt\/index.php\/2025\/03\/27\/bau-de-estorias\/\" class=\"lsvr-pressville-post-grid__post-title-link\" rel=\"bookmark\">Ba\u00fa de Est\u00f3rias<\/a>\n                                                    <\/h3>\n\n                                                    <p class=\"lsvr-pressville-post-grid__post-meta\">\n\n                                                        <span class=\"lsvr-pressville-post-grid__post-meta-date\" role=\"group\">27 de Mar\u00e7o, 2025<\/span>\n\n                                                        \n                                                            <span class=\"lsvr-pressville-post-grid__post-meta-categories\" role=\"group\">\n\t\t\t<span class=\"post__categories\">\n\t\t\t\tin <a href=\"https:\/\/jf-vilar.pt\/index.php\/category\/atendimento\/\" class=\"post__category-link\">Atendimento<\/a>\t\t\t<\/span>\n\n\t\t<\/span>\n\n                                                        \n                                                    <\/p>\n\n                                                <\/div>\n\n                                                <a href=\"https:\/\/jf-vilar.pt\/index.php\/2025\/03\/27\/bau-de-estorias\/\" class=\"lsvr-pressville-post-grid__post-overlay-link\">\n                                                    <span class=\"screen-reader-text\">More<\/span>\n                                                <\/a>\n\n                                            <\/div>\n                                        <\/div>\n                                    <\/article>\n\n                                <\/div>\n\n                            \n                                <div class=\"lsvr-grid__col lsvr-grid__col--span-6 lsvr-grid__col--md-span-6 lsvr-grid__col--sm-span-6 lsvr-pressville-post-grid__item\">\n\n                                    <article class=\"lsvr-pressville-post-grid__post post-65 post type-post status-publish format-standard has-post-thumbnail hentry category-atendimento category-chave-movel category-servicos tag-alteracao-morada tag-chave-movel-digital tag-registo-criminal tag-revalidacao-da-carta-de-consucao\"                                         style=\"background-image: url( https:\/\/jf-vilar.pt\/wp-content\/uploads\/2018\/03\/espaco_cidadao-1024x657.jpg );\">\n                                        <div class=\"lsvr-pressville-post-grid__post-inner\">\n                                            <div class=\"lsvr-pressville-post-grid__post-bg\">\n\n                                                <div class=\"lsvr-pressville-post-grid__post-content\">\n\n                                                    <h3 class=\"lsvr-pressville-post-grid__post-title\">\n                                                        <a href=\"https:\/\/jf-vilar.pt\/index.php\/2025\/03\/27\/environmental-planning-and-sustainability\/\" class=\"lsvr-pressville-post-grid__post-title-link\" rel=\"bookmark\">Espa\u00e7o de Cidad\u00e3o<\/a>\n                                                    <\/h3>\n\n                                                    <p class=\"lsvr-pressville-post-grid__post-meta\">\n\n                                                        <span class=\"lsvr-pressville-post-grid__post-meta-date\" role=\"group\">27 de Mar\u00e7o, 2025<\/span>\n\n                                                        \n                                                            <span class=\"lsvr-pressville-post-grid__post-meta-categories\" role=\"group\">\n\t\t\t<span class=\"post__categories\">\n\t\t\t\tin <a href=\"https:\/\/jf-vilar.pt\/index.php\/category\/atendimento\/\" class=\"post__category-link\">Atendimento<\/a>\t\t\t<\/span>\n\n\t\t<\/span>\n\n                                                        \n                                                    <\/p>\n\n                                                <\/div>\n\n                                                <a href=\"https:\/\/jf-vilar.pt\/index.php\/2025\/03\/27\/environmental-planning-and-sustainability\/\" class=\"lsvr-pressville-post-grid__post-overlay-link\">\n                                                    <span class=\"screen-reader-text\">More<\/span>\n                                                <\/a>\n\n                                            <\/div>\n                                        <\/div>\n                                    <\/article>\n\n                                <\/div>\n\n                            \n                                <div class=\"lsvr-grid__col lsvr-grid__col--span-6 lsvr-grid__col--md-span-6 lsvr-grid__col--sm-span-6 lsvr-pressville-post-grid__item\">\n\n                                    <article class=\"lsvr-pressville-post-grid__post post-29 post type-post status-publish format-standard has-post-thumbnail hentry category-correios category-ctt category-pagamentos-e-cobrancas category-servicos category-vales-ctt tag-cobrancas-de-conta tag-correios tag-correspondencia tag-ctt tag-encomendas tag-entrega-de-cartas tag-pagamentos tag-pagamentos-ctt tag-postos-ctt tag-registadas tag-vales-ctt\"                                         style=\"background-image: url( https:\/\/jf-vilar.pt\/wp-content\/uploads\/2018\/04\/CTT-Logo-1024x538.webp );\">\n                                        <div class=\"lsvr-pressville-post-grid__post-inner\">\n                                            <div class=\"lsvr-pressville-post-grid__post-bg\">\n\n                                                <div class=\"lsvr-pressville-post-grid__post-content\">\n\n                                                    <h3 class=\"lsvr-pressville-post-grid__post-title\">\n                                                        <a href=\"https:\/\/jf-vilar.pt\/index.php\/2025\/03\/26\/urban-renewal-loans-available\/\" class=\"lsvr-pressville-post-grid__post-title-link\" rel=\"bookmark\">Posto de Correios CTT<\/a>\n                                                    <\/h3>\n\n                                                    <p class=\"lsvr-pressville-post-grid__post-meta\">\n\n                                                        <span class=\"lsvr-pressville-post-grid__post-meta-date\" role=\"group\">26 de Mar\u00e7o, 2025<\/span>\n\n                                                        \n                                                            <span class=\"lsvr-pressville-post-grid__post-meta-categories\" role=\"group\">\n\t\t\t<span class=\"post__categories\">\n\t\t\t\tin <a href=\"https:\/\/jf-vilar.pt\/index.php\/category\/correios\/\" class=\"post__category-link\">Correios<\/a>\t\t\t<\/span>\n\n\t\t<\/span>\n\n                                                        \n                                                    <\/p>\n\n                                                <\/div>\n\n                                                <a href=\"https:\/\/jf-vilar.pt\/index.php\/2025\/03\/26\/urban-renewal-loans-available\/\" class=\"lsvr-pressville-post-grid__post-overlay-link\">\n                                                    <span class=\"screen-reader-text\">More<\/span>\n                                                <\/a>\n\n                                            <\/div>\n                                        <\/div>\n                                    <\/article>\n\n                                <\/div>\n\n                            \n                                <div class=\"lsvr-grid__col lsvr-grid__col--span-6 lsvr-grid__col--md-span-6 lsvr-grid__col--sm-span-6 lsvr-pressville-post-grid__item\">\n\n                                    <article class=\"lsvr-pressville-post-grid__post post-60 post type-post status-publish format-standard has-post-thumbnail hentry category-atendimento category-atestados category-publuco category-requerimentos category-servicos tag-atendimento tag-atestados tag-autorizacoes tag-cemiterios tag-publico tag-requerimentos\"                                         style=\"background-image: url( https:\/\/jf-vilar.pt\/wp-content\/uploads\/2018\/04\/servicos-1024x683.png );\">\n                                        <div class=\"lsvr-pressville-post-grid__post-inner\">\n                                            <div class=\"lsvr-pressville-post-grid__post-bg\">\n\n                                                <div class=\"lsvr-pressville-post-grid__post-content\">\n\n                                                    <h3 class=\"lsvr-pressville-post-grid__post-title\">\n                                                        <a href=\"https:\/\/jf-vilar.pt\/index.php\/2025\/03\/26\/affordable-housing-action-plan-implementation\/\" class=\"lsvr-pressville-post-grid__post-title-link\" rel=\"bookmark\">Atendimento ao p\u00fablico<\/a>\n                                                    <\/h3>\n\n                                                    <p class=\"lsvr-pressville-post-grid__post-meta\">\n\n                                                        <span class=\"lsvr-pressville-post-grid__post-meta-date\" role=\"group\">26 de Mar\u00e7o, 2025<\/span>\n\n                                                        \n                                                            <span class=\"lsvr-pressville-post-grid__post-meta-categories\" role=\"group\">\n\t\t\t<span class=\"post__categories\">\n\t\t\t\tin <a href=\"https:\/\/jf-vilar.pt\/index.php\/category\/atendimento\/\" class=\"post__category-link\">Atendimento<\/a>\t\t\t<\/span>\n\n\t\t<\/span>\n\n                                                        \n                                                    <\/p>\n\n                                                <\/div>\n\n                                                <a href=\"https:\/\/jf-vilar.pt\/index.php\/2025\/03\/26\/affordable-housing-action-plan-implementation\/\" class=\"lsvr-pressville-post-grid__post-overlay-link\">\n                                                    <span class=\"screen-reader-text\">More<\/span>\n                                                <\/a>\n\n                                            <\/div>\n                                        <\/div>\n                                    <\/article>\n\n                                <\/div>\n\n                            \n                        <\/div>\n\n                        \n                    <\/div>\n\n                \n                \n            <\/div>\n        <\/div>\n    <\/div>\n<\/section>\n<!-- PRESSVILLE POSTS : end -->\n\n\n\n\n<ul class=\"wp-block-list\">\n<li><strong>Atendimento ao P\u00fablico<\/strong><ul><li>Atestados (Resid\u00eancia, Provas de Vida, Agregado Familiar)<\/li><\/ul>\n<ul class=\"wp-block-list\">\n<li>Requerimentos e Autoriza\u00e7\u00f5es Cemit\u00e9rios<\/li>\n<\/ul>\n<\/li>\n\n\n\n<li><strong>Posto de Correios CTT<\/strong><ul><li>Envio de Correspond\u00eancia e Encomendas<\/li><\/ul><ul><li>Entrega de Cartas Registadas e Encomendas (ap\u00f3s tentativa dos CTT no domic\u00edlio)<\/li><\/ul><ul><li>Pagamentos\/cobran\u00e7as de contas (faturas de \u00e1gua, luz, telecomunica\u00e7\u00f5es, IMI, IRS, IUC, portagens e carregamentos de telem\u00f3vel)<\/li><\/ul>\n<ul class=\"wp-block-list\">\n<li>Pagamento de vales CTT<\/li>\n<\/ul>\n<\/li>\n\n\n\n<li><strong>Espa\u00e7o de Cidad\u00e3o<\/strong><ul><li>Chave M\u00f3vel Digital<\/li><\/ul><ul><li>Altera\u00e7\u00e3o de Morada no Cart\u00e3o de Cidad\u00e3o<\/li><\/ul><ul><li>Revalida\u00e7\u00e3o da Carta de Condu\u00e7\u00e3o<\/li><\/ul>\n<ul class=\"wp-block-list\">\n<li>Registo Criminal<\/li>\n<\/ul>\n<\/li>\n\n\n\n<li><strong>Ba\u00fa de Est\u00f3rias<\/strong>\n<ul class=\"wp-block-list\">\n<li>Requisi\u00e7\u00e3o\/empr\u00e9stimo de livros da Biblioteca Municipal do Cadaval<\/li>\n<\/ul>\n<\/li>\n<\/ul>\n\n\n\n<p><\/p>\n\t\t\t\t\t\t\t\t<\/div>\n\t\t\t\t<\/div>\n\t\t\t\t\t<\/div>\n\t\t\t\t<\/div>\n\t\t<div class=\"elementor-element elementor-element-ad92e94 e-flex e-con-boxed e-con e-parent\" data-id=\"ad92e94\" data-element_type=\"container\" data-settings=\"{&quot;background_background&quot;:&quot;classic&quot;}\">\n\t\t\t\t\t<div class=\"e-con-inner\">\n\t\t\t\t<div class=\"elementor-element elementor-element-a359ba9 elementor-widget__width-initial elementor-widget elementor-widget-image\" data-id=\"a359ba9\" data-element_type=\"widget\" data-widget_type=\"image.default\">\n\t\t\t\t<div class=\"elementor-widget-container\">\n\t\t\t\t\t\t\t\t\t\t\t\t\t\t\t<img decoding=\"async\" width=\"552\" height=\"147\" src=\"https:\/\/jf-vilar.pt\/wp-content\/uploads\/2025\/04\/separador_Direita.png\" class=\"attachment-large size-large wp-image-1941\" alt=\"\" srcset=\"https:\/\/jf-vilar.pt\/wp-content\/uploads\/2025\/04\/separador_Direita.png 552w, https:\/\/jf-vilar.pt\/wp-content\/uploads\/2025\/04\/separador_Direita-300x80.png 300w, https:\/\/jf-vilar.pt\/wp-content\/uploads\/2025\/04\/separador_Direita-150x40.png 150w\" sizes=\"(max-width: 552px) 100vw, 552px\" \/>\t\t\t\t\t\t\t\t\t\t\t\t\t\t\t<\/div>\n\t\t\t\t<\/div>\n\t\t\t\t\t<\/div>\n\t\t\t\t<\/div>\n\t\t\t\t<\/div>\n\t\t","protected":false},"excerpt":{"rendered":"","protected":false},"author":1,"featured_media":0,"parent":0,"menu_order":0,"comment_status":"closed","ping_status":"closed","template":"","meta":{"_monsterinsights_skip_tracking":false,"_monsterinsights_sitenote_active":false,"_monsterinsights_sitenote_note":"","_monsterinsights_sitenote_category":0,"footnotes":""},"class_list":["post-1065","page","type-page","status-publish","hentry"],"aioseo_notices":[],"_links":{"self":[{"href":"https:\/\/jf-vilar.pt\/index.php\/wp-json\/wp\/v2\/pages\/1065","targetHints":{"allow":["GET"]}}],"collection":[{"href":"https:\/\/jf-vilar.pt\/index.php\/wp-json\/wp\/v2\/pages"}],"about":[{"href":"https:\/\/jf-vilar.pt\/index.php\/wp-json\/wp\/v2\/types\/page"}],"author":[{"embeddable":true,"href":"https:\/\/jf-vilar.pt\/index.php\/wp-json\/wp\/v2\/users\/1"}],"replies":[{"embeddable":true,"href":"https:\/\/jf-vilar.pt\/index.php\/wp-json\/wp\/v2\/comments?post=1065"}],"version-history":[{"count":9,"href":"https:\/\/jf-vilar.pt\/index.php\/wp-json\/wp\/v2\/pages\/1065\/revisions"}],"predecessor-version":[{"id":2118,"href":"https:\/\/jf-vilar.pt\/index.php\/wp-json\/wp\/v2\/pages\/1065\/revisions\/2118"}],"wp:attachment":[{"href":"https:\/\/jf-vilar.pt\/index.php\/wp-json\/wp\/v2\/media?parent=1065"}],"curies":[{"name":"wp","href":"https:\/\/api.w.org\/{rel}","templated":true}]}}