{"id":1064,"date":"2025-02-07T15:41:34","date_gmt":"2025-02-07T15:41:34","guid":{"rendered":"http:\/\/jf-vilar.pt\/?page_id=1064"},"modified":"2025-04-02T19:09:38","modified_gmt":"2025-04-02T18:09:38","slug":"noticias","status":"publish","type":"page","link":"https:\/\/jf-vilar.pt\/index.php\/noticias\/","title":{"rendered":"Not\u00edcias"},"content":{"rendered":"\t\t<div data-elementor-type=\"wp-page\" data-elementor-id=\"1064\" class=\"elementor elementor-1064\">\n\t\t\t\t<div class=\"elementor-element elementor-element-0e98ee5 e-flex e-con-boxed e-con e-parent\" data-id=\"0e98ee5\" data-element_type=\"container\" data-settings=\"{&quot;background_background&quot;:&quot;gradient&quot;}\">\n\t\t\t\t\t<div class=\"e-con-inner\">\n\t\t\t\t<div class=\"elementor-element elementor-element-ccc6548 elementor-widget elementor-widget-image\" data-id=\"ccc6548\" data-element_type=\"widget\" data-widget_type=\"image.default\">\n\t\t\t\t<div class=\"elementor-widget-container\">\n\t\t\t\t\t\t\t\t\t\t\t\t\t\t\t<img fetchpriority=\"high\" decoding=\"async\" width=\"497\" height=\"152\" src=\"https:\/\/jf-vilar.pt\/wp-content\/uploads\/2025\/04\/separador_Esquerda.png\" class=\"attachment-large size-large wp-image-1893\" alt=\"\" srcset=\"https:\/\/jf-vilar.pt\/wp-content\/uploads\/2025\/04\/separador_Esquerda.png 497w, https:\/\/jf-vilar.pt\/wp-content\/uploads\/2025\/04\/separador_Esquerda-300x92.png 300w, https:\/\/jf-vilar.pt\/wp-content\/uploads\/2025\/04\/separador_Esquerda-150x46.png 150w\" sizes=\"(max-width: 497px) 100vw, 497px\" \/>\t\t\t\t\t\t\t\t\t\t\t\t\t\t\t<\/div>\n\t\t\t\t<\/div>\n\t\t\t\t\t<\/div>\n\t\t\t\t<\/div>\n\t\t<div class=\"elementor-element elementor-element-1eb5080 e-flex e-con-boxed e-con e-parent\" data-id=\"1eb5080\" data-element_type=\"container\" data-settings=\"{&quot;background_background&quot;:&quot;classic&quot;}\">\n\t\t\t\t\t<div class=\"e-con-inner\">\n\t\t\t\t<div class=\"elementor-element elementor-element-c5e8607 elementor-widget elementor-widget-lsvr_pressville_posts\" data-id=\"c5e8607\" data-element_type=\"widget\" data-widget_type=\"lsvr_pressville_posts.default\">\n\t\t\t\t<div class=\"elementor-widget-container\">\n\t\t\t\t\t\n<!-- PRESSVILLE POSTS : begin -->\n<section class=\"lsvr-pressville-post-grid lsvr-pressville-post-grid--posts lsvr-pressville-post-grid--layout-title-top lsvr-pressville-post-grid--no-bg\"\n    >\n    <div class=\"lsvr-pressville-post-grid__inner\">\n        <div class=\"lsvr-container\">\n            <div class=\"lsvr-pressville-post-grid__content\">\n\n                \n                    <header class=\"lsvr-pressville-post-grid__header\">\n\n                        \n                            <h2 class=\"lsvr-pressville-post-grid__title\">\u00daltimas not\u00edcias<\/h2>\n\n                        \n                        \n                            <p class=\"lsvr-pressville-post-grid__subtitle\">Fique a saber as \u00faltimas noticias<\/p>\n\n                        \n                        \n                        \n                            <span class=\"icon-newspaper-o lsvr-pressville-post-grid__icon\" aria-hidden=\"true\"><\/span>\n\n                        \n                    <\/header>\n\n                \n                \n                    <div class=\"lsvr-pressville-post-grid__list-wrapper\">\n\n                        <div class=\"lsvr-grid lsvr-grid--2-cols lsvr-grid--md-2-cols lsvr-grid--sm-2-cols lsvr-pressville-post-grid__list lsvr-pressville-post-grid__list--1-items\"\n                            data-columns-count=\"2\">\n\n                            \n                                <div class=\"lsvr-grid__col lsvr-grid__col--span-6 lsvr-grid__col--md-span-6 lsvr-grid__col--sm-span-6 lsvr-pressville-post-grid__item\">\n\n                                    <article class=\"lsvr-pressville-post-grid__post post-2040 post type-post status-publish format-standard has-post-thumbnail hentry category-noticias\"                                         style=\"background-image: url( https:\/\/jf-vilar.pt\/wp-content\/uploads\/2025\/03\/CASSItinerancia-1024x724.jpg );\">\n                                        <div class=\"lsvr-pressville-post-grid__post-inner\">\n                                            <div class=\"lsvr-pressville-post-grid__post-bg\">\n\n                                                <div class=\"lsvr-pressville-post-grid__post-content\">\n\n                                                    <h3 class=\"lsvr-pressville-post-grid__post-title\">\n                                                        <a href=\"https:\/\/jf-vilar.pt\/index.php\/2025\/04\/02\/rastreio-a-tensao-arterial\/\" class=\"lsvr-pressville-post-grid__post-title-link\" rel=\"bookmark\">Rastreio \u00e0 tens\u00e3o arterial<\/a>\n                                                    <\/h3>\n\n                                                    <p class=\"lsvr-pressville-post-grid__post-meta\">\n\n                                                        <span class=\"lsvr-pressville-post-grid__post-meta-date\" role=\"group\">2 de Abril, 2025<\/span>\n\n                                                        \n                                                            <span class=\"lsvr-pressville-post-grid__post-meta-categories\" role=\"group\">\n\t\t\t<span class=\"post__categories\">\n\t\t\t\tin <a href=\"https:\/\/jf-vilar.pt\/index.php\/category\/noticias\/\" class=\"post__category-link\">Noticias<\/a>\t\t\t<\/span>\n\n\t\t<\/span>\n\n                                                        \n                                                    <\/p>\n\n                                                <\/div>\n\n                                                <a href=\"https:\/\/jf-vilar.pt\/index.php\/2025\/04\/02\/rastreio-a-tensao-arterial\/\" class=\"lsvr-pressville-post-grid__post-overlay-link\">\n                                                    <span class=\"screen-reader-text\">More<\/span>\n                                                <\/a>\n\n                                            <\/div>\n                                        <\/div>\n                                    <\/article>\n\n                                <\/div>\n\n                            \n                        <\/div>\n\n                        \n                    <\/div>\n\n                \n                \n            <\/div>\n        <\/div>\n    <\/div>\n<\/section>\n<!-- PRESSVILLE POSTS : end -->\n\n\t\t\t\t<\/div>\n\t\t\t\t<\/div>\n\t\t\t\t\t<\/div>\n\t\t\t\t<\/div>\n\t\t<div class=\"elementor-element elementor-element-51359fc e-flex e-con-boxed e-con e-parent\" data-id=\"51359fc\" data-element_type=\"container\" data-settings=\"{&quot;background_background&quot;:&quot;classic&quot;}\">\n\t\t\t\t\t<div class=\"e-con-inner\">\n\t\t\t\t<div class=\"elementor-element elementor-element-a08067e elementor-widget__width-initial elementor-widget elementor-widget-image\" data-id=\"a08067e\" data-element_type=\"widget\" data-widget_type=\"image.default\">\n\t\t\t\t<div class=\"elementor-widget-container\">\n\t\t\t\t\t\t\t\t\t\t\t\t\t\t\t<img decoding=\"async\" width=\"552\" height=\"147\" src=\"https:\/\/jf-vilar.pt\/wp-content\/uploads\/2025\/04\/separador_Direita.png\" class=\"attachment-large size-large wp-image-1941\" alt=\"\" srcset=\"https:\/\/jf-vilar.pt\/wp-content\/uploads\/2025\/04\/separador_Direita.png 552w, https:\/\/jf-vilar.pt\/wp-content\/uploads\/2025\/04\/separador_Direita-300x80.png 300w, https:\/\/jf-vilar.pt\/wp-content\/uploads\/2025\/04\/separador_Direita-150x40.png 150w\" sizes=\"(max-width: 552px) 100vw, 552px\" \/>\t\t\t\t\t\t\t\t\t\t\t\t\t\t\t<\/div>\n\t\t\t\t<\/div>\n\t\t\t\t\t<\/div>\n\t\t\t\t<\/div>\n\t\t\t\t<\/div>\n\t\t","protected":false},"excerpt":{"rendered":"<p>\u00daltimas not\u00edcias Fique a saber as \u00faltimas noticias Rastreio \u00e0 tens\u00e3o arterial 2 de Abril, 2025 in Noticias More Passeio S\u00e9nior 2 de Abril, 2025 in Noticias More<\/p>\n","protected":false},"author":1,"featured_media":0,"parent":0,"menu_order":0,"comment_status":"closed","ping_status":"closed","template":"","meta":{"_monsterinsights_skip_tracking":false,"_monsterinsights_sitenote_active":false,"_monsterinsights_sitenote_note":"","_monsterinsights_sitenote_category":0,"footnotes":""},"class_list":["post-1064","page","type-page","status-publish","hentry"],"aioseo_notices":[],"_links":{"self":[{"href":"https:\/\/jf-vilar.pt\/index.php\/wp-json\/wp\/v2\/pages\/1064","targetHints":{"allow":["GET"]}}],"collection":[{"href":"https:\/\/jf-vilar.pt\/index.php\/wp-json\/wp\/v2\/pages"}],"about":[{"href":"https:\/\/jf-vilar.pt\/index.php\/wp-json\/wp\/v2\/types\/page"}],"author":[{"embeddable":true,"href":"https:\/\/jf-vilar.pt\/index.php\/wp-json\/wp\/v2\/users\/1"}],"replies":[{"embeddable":true,"href":"https:\/\/jf-vilar.pt\/index.php\/wp-json\/wp\/v2\/comments?post=1064"}],"version-history":[{"count":7,"href":"https:\/\/jf-vilar.pt\/index.php\/wp-json\/wp\/v2\/pages\/1064\/revisions"}],"predecessor-version":[{"id":2044,"href":"https:\/\/jf-vilar.pt\/index.php\/wp-json\/wp\/v2\/pages\/1064\/revisions\/2044"}],"wp:attachment":[{"href":"https:\/\/jf-vilar.pt\/index.php\/wp-json\/wp\/v2\/media?parent=1064"}],"curies":[{"name":"wp","href":"https:\/\/api.w.org\/{rel}","templated":true}]}}