{"id":1060,"date":"2025-02-07T15:41:34","date_gmt":"2025-02-07T15:41:34","guid":{"rendered":"http:\/\/jf-vilar.pt\/?page_id=1060"},"modified":"2025-04-03T13:56:16","modified_gmt":"2025-04-03T12:56:16","slug":"documentos-junta","status":"publish","type":"page","link":"https:\/\/jf-vilar.pt\/index.php\/documentos-junta\/","title":{"rendered":""},"content":{"rendered":"\t\t<div data-elementor-type=\"wp-page\" data-elementor-id=\"1060\" class=\"elementor elementor-1060\">\n\t\t\t\t<div class=\"elementor-element elementor-element-f79105e e-flex e-con-boxed e-con e-parent\" data-id=\"f79105e\" data-element_type=\"container\" data-settings=\"{&quot;background_background&quot;:&quot;gradient&quot;}\">\n\t\t\t\t\t<div class=\"e-con-inner\">\n\t\t\t\t<div class=\"elementor-element elementor-element-83e550b elementor-widget elementor-widget-image\" data-id=\"83e550b\" data-element_type=\"widget\" data-widget_type=\"image.default\">\n\t\t\t\t<div class=\"elementor-widget-container\">\n\t\t\t\t\t\t\t\t\t\t\t\t\t\t\t<img fetchpriority=\"high\" decoding=\"async\" width=\"497\" height=\"152\" src=\"https:\/\/jf-vilar.pt\/wp-content\/uploads\/2025\/04\/separador_Esquerda.png\" class=\"attachment-large size-large wp-image-1893\" alt=\"\" srcset=\"https:\/\/jf-vilar.pt\/wp-content\/uploads\/2025\/04\/separador_Esquerda.png 497w, https:\/\/jf-vilar.pt\/wp-content\/uploads\/2025\/04\/separador_Esquerda-300x92.png 300w, https:\/\/jf-vilar.pt\/wp-content\/uploads\/2025\/04\/separador_Esquerda-150x46.png 150w\" sizes=\"(max-width: 497px) 100vw, 497px\" \/>\t\t\t\t\t\t\t\t\t\t\t\t\t\t\t<\/div>\n\t\t\t\t<\/div>\n\t\t\t\t\t<\/div>\n\t\t\t\t<\/div>\n\t\t<div class=\"elementor-element elementor-element-29373ee e-flex e-con-boxed e-con e-parent\" data-id=\"29373ee\" data-element_type=\"container\" data-settings=\"{&quot;background_background&quot;:&quot;classic&quot;}\">\n\t\t\t\t\t<div class=\"e-con-inner\">\n\t\t\t\t<div class=\"elementor-element elementor-element-dfc5d5f elementor-widget elementor-widget-lsvr_document_list_widget\" data-id=\"dfc5d5f\" data-element_type=\"widget\" data-widget_type=\"lsvr_document_list_widget.default\">\n\t\t\t\t<div class=\"elementor-widget-container\">\n\t\t\t\t\t\n            <div class=\"widget shortcode-widget lsvr_document-list-widget lsvr_document-list-widget--shortcode\"><div class=\"widget__inner\">\n<div class=\"widget__content\">\n\n\t\n\t\t<ul class=\"lsvr_document-list-widget__list\">\n\n    \t\t\n    \t\t\t<li class=\"lsvr_document-list-widget__item\">\n\n        \t\t\t<h4 class=\"lsvr_document-list-widget__item-title\">\n        \t\t\t\t<a href=\"https:\/\/jf-vilar.pt\/index.php\/documents\/protocolo-delegacao-competencias-da-camara-nas-juntas-de-freguesia\/\" class=\"lsvr_document-list-widget__item-title-link\">\n        \t\t\t\t\tRegulamentos        \t\t\t\t<\/a>\n        \t\t\t<\/h4>\n\n        \t\t\t\n    \t\t\t<\/li>\n\n    \t\t\n    \t\t\t<li class=\"lsvr_document-list-widget__item\">\n\n        \t\t\t<h4 class=\"lsvr_document-list-widget__item-title\">\n        \t\t\t\t<a href=\"https:\/\/jf-vilar.pt\/index.php\/documents\/ata-da-junta-de-freguesia\/\" class=\"lsvr_document-list-widget__item-title-link\">\n        \t\t\t\t\tAta da Junta de Freguesia        \t\t\t\t<\/a>\n        \t\t\t<\/h4>\n\n        \t\t\t\n    \t\t\t<\/li>\n\n    \t\t\n    \t\t\t<li class=\"lsvr_document-list-widget__item\">\n\n        \t\t\t<h4 class=\"lsvr_document-list-widget__item-title\">\n        \t\t\t\t<a href=\"https:\/\/jf-vilar.pt\/index.php\/documents\/proposta-de-orcamento-para-2025\/\" class=\"lsvr_document-list-widget__item-title-link\">\n        \t\t\t\t\tPresta\u00e7\u00e3o de Contas        \t\t\t\t<\/a>\n        \t\t\t<\/h4>\n\n        \t\t\t\n    \t\t\t<\/li>\n\n    \t\t\n\t\t<\/ul>\n\n\t\t\n\t\n<\/div>\n\n<\/div><\/div>\n            \t\t\t\t<\/div>\n\t\t\t\t<\/div>\n\t\t\t\t\t<\/div>\n\t\t\t\t<\/div>\n\t\t<div class=\"elementor-element elementor-element-8cdd2d4 e-flex e-con-boxed e-con e-parent\" data-id=\"8cdd2d4\" data-element_type=\"container\" data-settings=\"{&quot;background_background&quot;:&quot;classic&quot;}\">\n\t\t\t\t\t<div class=\"e-con-inner\">\n\t\t\t\t<div class=\"elementor-element elementor-element-c855495 elementor-widget__width-initial elementor-widget elementor-widget-image\" data-id=\"c855495\" data-element_type=\"widget\" data-widget_type=\"image.default\">\n\t\t\t\t<div class=\"elementor-widget-container\">\n\t\t\t\t\t\t\t\t\t\t\t\t\t\t\t<img decoding=\"async\" width=\"552\" height=\"147\" src=\"https:\/\/jf-vilar.pt\/wp-content\/uploads\/2025\/04\/separador_Direita.png\" class=\"attachment-large size-large wp-image-1941\" alt=\"\" srcset=\"https:\/\/jf-vilar.pt\/wp-content\/uploads\/2025\/04\/separador_Direita.png 552w, https:\/\/jf-vilar.pt\/wp-content\/uploads\/2025\/04\/separador_Direita-300x80.png 300w, https:\/\/jf-vilar.pt\/wp-content\/uploads\/2025\/04\/separador_Direita-150x40.png 150w\" sizes=\"(max-width: 552px) 100vw, 552px\" \/>\t\t\t\t\t\t\t\t\t\t\t\t\t\t\t<\/div>\n\t\t\t\t<\/div>\n\t\t\t\t\t<\/div>\n\t\t\t\t<\/div>\n\t\t\t\t<\/div>\n\t\t","protected":false},"excerpt":{"rendered":"<p>Protocolo Delega\u00e7\u00e3o Compet\u00eancias da C\u00e2mara nas Juntas de Freguesia Ata da Junta de freguesia Presta\u00e7\u00e3o de Contas Or\u00e7amentos<\/p>\n","protected":false},"author":1,"featured_media":0,"parent":0,"menu_order":0,"comment_status":"closed","ping_status":"closed","template":"","meta":{"_monsterinsights_skip_tracking":false,"_monsterinsights_sitenote_active":false,"_monsterinsights_sitenote_note":"","_monsterinsights_sitenote_category":0,"footnotes":""},"class_list":["post-1060","page","type-page","status-publish","hentry"],"aioseo_notices":[],"_links":{"self":[{"href":"https:\/\/jf-vilar.pt\/index.php\/wp-json\/wp\/v2\/pages\/1060","targetHints":{"allow":["GET"]}}],"collection":[{"href":"https:\/\/jf-vilar.pt\/index.php\/wp-json\/wp\/v2\/pages"}],"about":[{"href":"https:\/\/jf-vilar.pt\/index.php\/wp-json\/wp\/v2\/types\/page"}],"author":[{"embeddable":true,"href":"https:\/\/jf-vilar.pt\/index.php\/wp-json\/wp\/v2\/users\/1"}],"replies":[{"embeddable":true,"href":"https:\/\/jf-vilar.pt\/index.php\/wp-json\/wp\/v2\/comments?post=1060"}],"version-history":[{"count":8,"href":"https:\/\/jf-vilar.pt\/index.php\/wp-json\/wp\/v2\/pages\/1060\/revisions"}],"predecessor-version":[{"id":2172,"href":"https:\/\/jf-vilar.pt\/index.php\/wp-json\/wp\/v2\/pages\/1060\/revisions\/2172"}],"wp:attachment":[{"href":"https:\/\/jf-vilar.pt\/index.php\/wp-json\/wp\/v2\/media?parent=1060"}],"curies":[{"name":"wp","href":"https:\/\/api.w.org\/{rel}","templated":true}]}}